{"id":450,"date":"2023-09-14T10:35:02","date_gmt":"2023-09-14T10:35:02","guid":{"rendered":"https:\/\/soundplify.com\/?page_id=450"},"modified":"2024-11-26T20:48:55","modified_gmt":"2024-11-26T20:48:55","slug":"musicinwords","status":"publish","type":"page","link":"https:\/\/soundplify.com\/fr\/musicinwords\/","title":{"rendered":"Parler Musique"},"content":{"rendered":"\t\t<div data-elementor-type=\"wp-page\" data-elementor-id=\"450\" class=\"elementor elementor-450\" data-elementor-post-type=\"page\">\n\t\t\t\t<div class=\"elementor-element elementor-element-da136ff e-flex e-con-boxed e-con e-parent\" data-id=\"da136ff\" data-element_type=\"container\" data-e-type=\"container\">\n\t\t\t\t\t<div class=\"e-con-inner\">\n\t\t\t\t<div class=\"elementor-element elementor-element-3d65eac elementor-widget elementor-widget-heading\" data-id=\"3d65eac\" data-element_type=\"widget\" data-e-type=\"widget\" data-widget_type=\"heading.default\">\n\t\t\t\t<div class=\"elementor-widget-container\">\n\t\t\t\t\t<h2 class=\"elementor-heading-title elementor-size-default\">Stop <span style=\"font-style: italic\">wasting time<\/span> when you have a great song idea for your project.<\/h2>\t\t\t\t<\/div>\n\t\t\t\t<\/div>\n\t\t\t\t\t<\/div>\n\t\t\t\t<\/div>\n\t\t<div class=\"elementor-element elementor-element-ed33314 e-flex e-con-boxed e-con e-parent\" data-id=\"ed33314\" data-element_type=\"container\" data-e-type=\"container\">\n\t\t\t\t\t<div class=\"e-con-inner\">\n\t\t<div class=\"elementor-element elementor-element-22b00d3 e-con-full e-flex e-con e-child\" data-id=\"22b00d3\" data-element_type=\"container\" data-e-type=\"container\">\n\t\t\t\t<div class=\"elementor-element elementor-element-7e04da6 elementor-widget elementor-widget-text-editor\" data-id=\"7e04da6\" data-element_type=\"widget\" data-e-type=\"widget\" data-widget_type=\"text-editor.default\">\n\t\t\t\t<div class=\"elementor-widget-container\">\n\t\t\t\t\t\t\t\t\tWith this small practical guide written for directors, creatives and producers you\u2019ll learn how to :\t\t\t\t\t\t\t\t<\/div>\n\t\t\t\t<\/div>\n\t\t\t\t<div class=\"elementor-element elementor-element-c8d1d3c elementor-icon-list--layout-traditional elementor-list-item-link-full_width elementor-widget elementor-widget-icon-list\" data-id=\"c8d1d3c\" data-element_type=\"widget\" data-e-type=\"widget\" data-widget_type=\"icon-list.default\">\n\t\t\t\t<div class=\"elementor-widget-container\">\n\t\t\t\t\t\t\t<ul class=\"elementor-icon-list-items\">\n\t\t\t\t\t\t\t<li class=\"elementor-icon-list-item\">\n\t\t\t\t\t\t\t\t\t\t\t<span class=\"elementor-icon-list-icon\">\n\t\t\t\t\t\t\t<svg aria-hidden=\"true\" class=\"e-font-icon-svg e-fas-arrow-right\" viewBox=\"0 0 448 512\" xmlns=\"http:\/\/www.w3.org\/2000\/svg\"><path d=\"M190.5 66.9l22.2-22.2c9.4-9.4 24.6-9.4 33.9 0L441 239c9.4 9.4 9.4 24.6 0 33.9L246.6 467.3c-9.4 9.4-24.6 9.4-33.9 0l-22.2-22.2c-9.5-9.5-9.3-25 .4-34.3L311.4 296H24c-13.3 0-24-10.7-24-24v-32c0-13.3 10.7-24 24-24h287.4L190.9 101.2c-9.8-9.3-10-24.8-.4-34.3z\"><\/path><\/svg>\t\t\t\t\t\t<\/span>\n\t\t\t\t\t\t\t\t\t\t<span class=\"elementor-icon-list-text\">Instinctively choose the right song for your content which means you\u2019ll no longer need to listen to music for hours at your desk hoping to find a match<\/span>\n\t\t\t\t\t\t\t\t\t<\/li>\n\t\t\t\t\t\t\t\t<li class=\"elementor-icon-list-item\">\n\t\t\t\t\t\t\t\t\t\t\t<span class=\"elementor-icon-list-icon\">\n\t\t\t\t\t\t\t<svg aria-hidden=\"true\" class=\"e-font-icon-svg e-fas-arrow-right\" viewBox=\"0 0 448 512\" xmlns=\"http:\/\/www.w3.org\/2000\/svg\"><path d=\"M190.5 66.9l22.2-22.2c9.4-9.4 24.6-9.4 33.9 0L441 239c9.4 9.4 9.4 24.6 0 33.9L246.6 467.3c-9.4 9.4-24.6 9.4-33.9 0l-22.2-22.2c-9.5-9.5-9.3-25 .4-34.3L311.4 296H24c-13.3 0-24-10.7-24-24v-32c0-13.3 10.7-24 24-24h287.4L190.9 101.2c-9.8-9.3-10-24.8-.4-34.3z\"><\/path><\/svg>\t\t\t\t\t\t<\/span>\n\t\t\t\t\t\t\t\t\t\t<span class=\"elementor-icon-list-text\">Avoid misunderstandings with your partners and composers (without knowing any music theory)<\/span>\n\t\t\t\t\t\t\t\t\t<\/li>\n\t\t\t\t\t\t\t\t<li class=\"elementor-icon-list-item\">\n\t\t\t\t\t\t\t\t\t\t\t<span class=\"elementor-icon-list-icon\">\n\t\t\t\t\t\t\t<svg aria-hidden=\"true\" class=\"e-font-icon-svg e-fas-arrow-right\" viewBox=\"0 0 448 512\" xmlns=\"http:\/\/www.w3.org\/2000\/svg\"><path d=\"M190.5 66.9l22.2-22.2c9.4-9.4 24.6-9.4 33.9 0L441 239c9.4 9.4 9.4 24.6 0 33.9L246.6 467.3c-9.4 9.4-24.6 9.4-33.9 0l-22.2-22.2c-9.5-9.5-9.3-25 .4-34.3L311.4 296H24c-13.3 0-24-10.7-24-24v-32c0-13.3 10.7-24 24-24h287.4L190.9 101.2c-9.8-9.3-10-24.8-.4-34.3z\"><\/path><\/svg>\t\t\t\t\t\t<\/span>\n\t\t\t\t\t\t\t\t\t\t<span class=\"elementor-icon-list-text\">Elevate your story through music by identifying the functions, genre, style and source of your musical needs after a first read of your script or brief<\/span>\n\t\t\t\t\t\t\t\t\t<\/li>\n\t\t\t\t\t\t<\/ul>\n\t\t\t\t\t\t<\/div>\n\t\t\t\t<\/div>\n\t\t\t\t<div class=\"elementor-element elementor-element-4cef424 elementor-widget elementor-widget-text-editor\" data-id=\"4cef424\" data-element_type=\"widget\" data-e-type=\"widget\" data-widget_type=\"text-editor.default\">\n\t\t\t\t<div class=\"elementor-widget-container\">\n\t\t\t\t\t\t\t\t\tSimply enter your email and we\u2019ll instantly send you the PDF straight to your inbox.\t\t\t\t\t\t\t\t<\/div>\n\t\t\t\t<\/div>\n\t\t\t\t<\/div>\n\t\t<div class=\"elementor-element elementor-element-de64bc2 e-con-full e-flex e-con e-child\" data-id=\"de64bc2\" data-element_type=\"container\" data-e-type=\"container\">\n\t\t\t\t<div class=\"elementor-element elementor-element-b109a7a elementor-widget elementor-widget-image\" data-id=\"b109a7a\" data-element_type=\"widget\" data-e-type=\"widget\" data-widget_type=\"image.default\">\n\t\t\t\t<div class=\"elementor-widget-container\">\n\t\t\t\t\t\t\t\t\t\t\t\t\t\t\t<img fetchpriority=\"high\" decoding=\"async\" width=\"1504\" height=\"2089\" src=\"https:\/\/soundplify.com\/wp-content\/uploads\/2024\/11\/Music-in-Words-Mockup-Cropped-Compressed.jpg\" class=\"attachment-full size-full wp-image-1130\" alt=\"\" srcset=\"https:\/\/soundplify.com\/wp-content\/uploads\/2024\/11\/Music-in-Words-Mockup-Cropped-Compressed.jpg 1504w, https:\/\/soundplify.com\/wp-content\/uploads\/2024\/11\/Music-in-Words-Mockup-Cropped-Compressed-216x300.jpg 216w, https:\/\/soundplify.com\/wp-content\/uploads\/2024\/11\/Music-in-Words-Mockup-Cropped-Compressed-737x1024.jpg 737w, https:\/\/soundplify.com\/wp-content\/uploads\/2024\/11\/Music-in-Words-Mockup-Cropped-Compressed-768x1067.jpg 768w, https:\/\/soundplify.com\/wp-content\/uploads\/2024\/11\/Music-in-Words-Mockup-Cropped-Compressed-1106x1536.jpg 1106w, https:\/\/soundplify.com\/wp-content\/uploads\/2024\/11\/Music-in-Words-Mockup-Cropped-Compressed-1474x2048.jpg 1474w, https:\/\/soundplify.com\/wp-content\/uploads\/2024\/11\/Music-in-Words-Mockup-Cropped-Compressed-9x12.jpg 9w\" sizes=\"(max-width: 1504px) 100vw, 1504px\" \/>\t\t\t\t\t\t\t\t\t\t\t\t\t\t\t<\/div>\n\t\t\t\t<\/div>\n\t\t\t\t<\/div>\n\t\t\t\t\t<\/div>\n\t\t\t\t<\/div>\n\t\t<div class=\"elementor-element elementor-element-ef11eb5 e-flex e-con-boxed e-con e-parent\" data-id=\"ef11eb5\" data-element_type=\"container\" data-e-type=\"container\">\n\t\t\t\t\t<div class=\"e-con-inner\">\n\t\t\t\t<div class=\"elementor-element elementor-element-9a04c2e elementor-button-align-center elementor-mobile-button-align-center elementor-widget elementor-widget-form\" data-id=\"9a04c2e\" data-element_type=\"widget\" data-e-type=\"widget\" data-settings=\"{&quot;step_next_label&quot;:&quot;Next&quot;,&quot;step_previous_label&quot;:&quot;Previous&quot;,&quot;button_width_tablet&quot;:&quot;30&quot;,&quot;button_width_mobile&quot;:&quot;100&quot;,&quot;button_width&quot;:&quot;100&quot;,&quot;step_type&quot;:&quot;number_text&quot;,&quot;step_icon_shape&quot;:&quot;circle&quot;}\" data-widget_type=\"form.default\">\n\t\t\t\t<div class=\"elementor-widget-container\">\n\t\t\t\t\t\t\t<form class=\"elementor-form\" method=\"post\" name=\"Newsletter Form\" aria-label=\"Newsletter Form\">\n\t\t\t<input type=\"hidden\" name=\"post_id\" value=\"450\"\/>\n\t\t\t<input type=\"hidden\" name=\"form_id\" value=\"9a04c2e\"\/>\n\t\t\t<input type=\"hidden\" name=\"referer_title\" value=\"Music in Words | Soundplify\" \/>\n\n\t\t\t\t\t\t\t<input type=\"hidden\" name=\"queried_id\" value=\"450\"\/>\n\t\t\t\n\t\t\t<div class=\"elementor-form-fields-wrapper elementor-labels-\">\n\t\t\t\t\t\t\t\t<div class=\"elementor-field-type-text elementor-field-group elementor-column elementor-field-group-first_name elementor-col-50\">\n\t\t\t\t\t\t\t\t\t\t\t\t<label for=\"form-field-first_name\" class=\"elementor-field-label elementor-screen-only\">\n\t\t\t\t\t\t\t\tFirst Name\t\t\t\t\t\t\t<\/label>\n\t\t\t\t\t\t\t\t\t\t\t\t\t\t<input size=\"1\" type=\"text\" name=\"form_fields[first_name]\" id=\"form-field-first_name\" class=\"elementor-field elementor-size-md  elementor-field-textual\" placeholder=\"First Name\">\n\t\t\t\t\t\t\t\t\t\t\t<\/div>\n\t\t\t\t\t\t\t\t<div class=\"elementor-field-type-text elementor-field-group elementor-column elementor-field-group-last_name elementor-col-50\">\n\t\t\t\t\t\t\t\t\t\t\t\t<label for=\"form-field-last_name\" class=\"elementor-field-label elementor-screen-only\">\n\t\t\t\t\t\t\t\tLast Name\t\t\t\t\t\t\t<\/label>\n\t\t\t\t\t\t\t\t\t\t\t\t\t\t<input size=\"1\" type=\"text\" name=\"form_fields[last_name]\" id=\"form-field-last_name\" class=\"elementor-field elementor-size-md  elementor-field-textual\" placeholder=\"Last Name\">\n\t\t\t\t\t\t\t\t\t\t\t<\/div>\n\t\t\t\t\t\t\t\t<div class=\"elementor-field-type-email elementor-field-group elementor-column elementor-field-group-email elementor-col-100 elementor-md-70 elementor-field-required\">\n\t\t\t\t\t\t\t\t\t\t\t\t<label for=\"form-field-email\" class=\"elementor-field-label elementor-screen-only\">\n\t\t\t\t\t\t\t\tEmail\t\t\t\t\t\t\t<\/label>\n\t\t\t\t\t\t\t\t\t\t\t\t\t\t<input size=\"1\" type=\"email\" name=\"form_fields[email]\" id=\"form-field-email\" class=\"elementor-field elementor-size-md  elementor-field-textual\" placeholder=\"Email Address\" required=\"required\">\n\t\t\t\t\t\t\t\t\t\t\t<\/div>\n\t\t\t\t\t\t\t\t<div class=\"elementor-field-group elementor-column elementor-field-type-submit elementor-col-100 e-form__buttons elementor-md-30 elementor-sm-100\">\n\t\t\t\t\t<button class=\"elementor-button elementor-size-md\" type=\"submit\">\n\t\t\t\t\t\t<span class=\"elementor-button-content-wrapper\">\n\t\t\t\t\t\t\t\t\t\t\t\t\t\t\t\t\t\t\t\t\t\t<span class=\"elementor-button-text\">Download<\/span>\n\t\t\t\t\t\t\t\t\t\t\t\t\t<\/span>\n\t\t\t\t\t<\/button>\n\t\t\t\t<\/div>\n\t\t\t<\/div>\n\t\t<\/form>\n\t\t\t\t\t\t<\/div>\n\t\t\t\t<\/div>\n\t\t\t\t\t<\/div>\n\t\t\t\t<\/div>\n\t\t<div class=\"elementor-element elementor-element-e17862a e-flex e-con-boxed e-con e-parent\" data-id=\"e17862a\" data-element_type=\"container\" data-e-type=\"container\">\n\t\t\t\t\t<div class=\"e-con-inner\">\n\t\t\t\t<div class=\"elementor-element elementor-element-2b451e0 elementor-widget elementor-widget-text-editor\" data-id=\"2b451e0\" data-element_type=\"widget\" data-e-type=\"widget\" data-widget_type=\"text-editor.default\">\n\t\t\t\t<div class=\"elementor-widget-container\">\n\t\t\t\t\t\t\t\t\t<p>Cliquer pour <a href=\"https:\/\/soundplify.com\/parlermusique\/\">t\u00e9l\u00e9charger le guide en fran\u00e7ais<\/a>.<\/p>\t\t\t\t\t\t\t\t<\/div>\n\t\t\t\t<\/div>\n\t\t\t\t\t<\/div>\n\t\t\t\t<\/div>\n\t\t\t\t<\/div>\n\t\t","protected":false},"excerpt":{"rendered":"<p>Stop wasting time when you have a great song idea for your project. With this small practical guide written for directors, creatives and producers you\u2019ll learn how to : Instinctively choose the right song for your content which means you\u2019ll no longer need to listen to music for hours at your desk hoping to find [&hellip;]<\/p>\n","protected":false},"author":1,"featured_media":0,"parent":0,"menu_order":0,"comment_status":"closed","ping_status":"closed","template":"elementor_header_footer","meta":{"_mo_disable_npp":"","footnotes":""},"class_list":["post-450","page","type-page","status-publish","hentry"],"yoast_head":"<!-- This site is optimized with the Yoast SEO plugin v27.3 - https:\/\/yoast.com\/product\/yoast-seo-wordpress\/ -->\n<title>Music in Words | Soundplify<\/title>\n<meta name=\"robots\" content=\"index, follow, max-snippet:-1, max-image-preview:large, max-video-preview:-1\" \/>\n<link rel=\"canonical\" href=\"https:\/\/soundplify.com\/fr\/musicinwords\/\" \/>\n<meta property=\"og:locale\" content=\"fr_FR\" \/>\n<meta property=\"og:type\" content=\"article\" \/>\n<meta property=\"og:title\" content=\"Music in Words | Soundplify\" \/>\n<meta property=\"og:description\" content=\"Stop wasting time when you have a great song idea for your project. With this small practical guide written for directors, creatives and producers you\u2019ll learn how to : Instinctively choose the right song for your content which means you\u2019ll no longer need to listen to music for hours at your desk hoping to find [&hellip;]\" \/>\n<meta property=\"og:url\" content=\"https:\/\/soundplify.com\/fr\/musicinwords\/\" \/>\n<meta property=\"og:site_name\" content=\"Soundplify\" \/>\n<meta property=\"article:publisher\" content=\"https:\/\/www.facebook.com\/soundplify\" \/>\n<meta property=\"article:modified_time\" content=\"2024-11-26T20:48:55+00:00\" \/>\n<meta property=\"og:image\" content=\"https:\/\/soundplify.com\/wp-content\/uploads\/2024\/11\/Music-in-Words-Mockup-Cropped-Compressed.jpg\" \/>\n<meta name=\"twitter:card\" content=\"summary_large_image\" \/>\n<meta name=\"twitter:site\" content=\"@soundplify\" \/>\n<meta name=\"twitter:label1\" content=\"Dur\u00e9e de lecture estim\u00e9e\" \/>\n\t<meta name=\"twitter:data1\" content=\"1 minute\" \/>\n<script type=\"application\/ld+json\" class=\"yoast-schema-graph\">{\"@context\":\"https:\\\/\\\/schema.org\",\"@graph\":[{\"@type\":\"WebPage\",\"@id\":\"https:\\\/\\\/soundplify.com\\\/musicinwords\\\/\",\"url\":\"https:\\\/\\\/soundplify.com\\\/musicinwords\\\/\",\"name\":\"Music in Words | Soundplify\",\"isPartOf\":{\"@id\":\"https:\\\/\\\/soundplify.com\\\/#website\"},\"primaryImageOfPage\":{\"@id\":\"https:\\\/\\\/soundplify.com\\\/musicinwords\\\/#primaryimage\"},\"image\":{\"@id\":\"https:\\\/\\\/soundplify.com\\\/musicinwords\\\/#primaryimage\"},\"thumbnailUrl\":\"https:\\\/\\\/soundplify.com\\\/wp-content\\\/uploads\\\/2024\\\/11\\\/Music-in-Words-Mockup-Cropped-Compressed.jpg\",\"datePublished\":\"2023-09-14T10:35:02+00:00\",\"dateModified\":\"2024-11-26T20:48:55+00:00\",\"breadcrumb\":{\"@id\":\"https:\\\/\\\/soundplify.com\\\/musicinwords\\\/#breadcrumb\"},\"inLanguage\":\"fr-FR\",\"potentialAction\":[{\"@type\":\"ReadAction\",\"target\":[\"https:\\\/\\\/soundplify.com\\\/musicinwords\\\/\"]}]},{\"@type\":\"ImageObject\",\"inLanguage\":\"fr-FR\",\"@id\":\"https:\\\/\\\/soundplify.com\\\/musicinwords\\\/#primaryimage\",\"url\":\"https:\\\/\\\/soundplify.com\\\/wp-content\\\/uploads\\\/2024\\\/11\\\/Music-in-Words-Mockup-Cropped-Compressed.jpg\",\"contentUrl\":\"https:\\\/\\\/soundplify.com\\\/wp-content\\\/uploads\\\/2024\\\/11\\\/Music-in-Words-Mockup-Cropped-Compressed.jpg\"},{\"@type\":\"BreadcrumbList\",\"@id\":\"https:\\\/\\\/soundplify.com\\\/musicinwords\\\/#breadcrumb\",\"itemListElement\":[{\"@type\":\"ListItem\",\"position\":1,\"name\":\"Home\",\"item\":\"https:\\\/\\\/soundplify.com\\\/\"},{\"@type\":\"ListItem\",\"position\":2,\"name\":\"Music in Words\"}]},{\"@type\":\"WebSite\",\"@id\":\"https:\\\/\\\/soundplify.com\\\/#website\",\"url\":\"https:\\\/\\\/soundplify.com\\\/\",\"name\":\"Soundplify\",\"description\":\"Music For Brands + Entertainment\",\"publisher\":{\"@id\":\"https:\\\/\\\/soundplify.com\\\/#organization\"},\"potentialAction\":[{\"@type\":\"SearchAction\",\"target\":{\"@type\":\"EntryPoint\",\"urlTemplate\":\"https:\\\/\\\/soundplify.com\\\/?s={search_term_string}\"},\"query-input\":{\"@type\":\"PropertyValueSpecification\",\"valueRequired\":true,\"valueName\":\"search_term_string\"}}],\"inLanguage\":\"fr-FR\"},{\"@type\":\"Organization\",\"@id\":\"https:\\\/\\\/soundplify.com\\\/#organization\",\"name\":\"Soundplify\",\"url\":\"https:\\\/\\\/soundplify.com\\\/\",\"logo\":{\"@type\":\"ImageObject\",\"inLanguage\":\"fr-FR\",\"@id\":\"https:\\\/\\\/soundplify.com\\\/#\\\/schema\\\/logo\\\/image\\\/\",\"url\":\"https:\\\/\\\/soundplify.com\\\/wp-content\\\/uploads\\\/2023\\\/08\\\/Logo-Pitch-000000.png\",\"contentUrl\":\"https:\\\/\\\/soundplify.com\\\/wp-content\\\/uploads\\\/2023\\\/08\\\/Logo-Pitch-000000.png\",\"width\":5610,\"height\":1466,\"caption\":\"Soundplify\"},\"image\":{\"@id\":\"https:\\\/\\\/soundplify.com\\\/#\\\/schema\\\/logo\\\/image\\\/\"},\"sameAs\":[\"https:\\\/\\\/www.facebook.com\\\/soundplify\",\"https:\\\/\\\/x.com\\\/soundplify\"]}]}<\/script>\n<!-- \/ Yoast SEO plugin. -->","yoast_head_json":{"title":"Music in Words | Soundplify","robots":{"index":"index","follow":"follow","max-snippet":"max-snippet:-1","max-image-preview":"max-image-preview:large","max-video-preview":"max-video-preview:-1"},"canonical":"https:\/\/soundplify.com\/fr\/musicinwords\/","og_locale":"fr_FR","og_type":"article","og_title":"Music in Words | Soundplify","og_description":"Stop wasting time when you have a great song idea for your project. With this small practical guide written for directors, creatives and producers you\u2019ll learn how to : Instinctively choose the right song for your content which means you\u2019ll no longer need to listen to music for hours at your desk hoping to find [&hellip;]","og_url":"https:\/\/soundplify.com\/fr\/musicinwords\/","og_site_name":"Soundplify","article_publisher":"https:\/\/www.facebook.com\/soundplify","article_modified_time":"2024-11-26T20:48:55+00:00","og_image":[{"url":"https:\/\/soundplify.com\/wp-content\/uploads\/2024\/11\/Music-in-Words-Mockup-Cropped-Compressed.jpg","type":"","width":"","height":""}],"twitter_card":"summary_large_image","twitter_site":"@soundplify","twitter_misc":{"Dur\u00e9e de lecture estim\u00e9e":"1 minute"},"schema":{"@context":"https:\/\/schema.org","@graph":[{"@type":"WebPage","@id":"https:\/\/soundplify.com\/musicinwords\/","url":"https:\/\/soundplify.com\/musicinwords\/","name":"Music in Words | Soundplify","isPartOf":{"@id":"https:\/\/soundplify.com\/#website"},"primaryImageOfPage":{"@id":"https:\/\/soundplify.com\/musicinwords\/#primaryimage"},"image":{"@id":"https:\/\/soundplify.com\/musicinwords\/#primaryimage"},"thumbnailUrl":"https:\/\/soundplify.com\/wp-content\/uploads\/2024\/11\/Music-in-Words-Mockup-Cropped-Compressed.jpg","datePublished":"2023-09-14T10:35:02+00:00","dateModified":"2024-11-26T20:48:55+00:00","breadcrumb":{"@id":"https:\/\/soundplify.com\/musicinwords\/#breadcrumb"},"inLanguage":"fr-FR","potentialAction":[{"@type":"ReadAction","target":["https:\/\/soundplify.com\/musicinwords\/"]}]},{"@type":"ImageObject","inLanguage":"fr-FR","@id":"https:\/\/soundplify.com\/musicinwords\/#primaryimage","url":"https:\/\/soundplify.com\/wp-content\/uploads\/2024\/11\/Music-in-Words-Mockup-Cropped-Compressed.jpg","contentUrl":"https:\/\/soundplify.com\/wp-content\/uploads\/2024\/11\/Music-in-Words-Mockup-Cropped-Compressed.jpg"},{"@type":"BreadcrumbList","@id":"https:\/\/soundplify.com\/musicinwords\/#breadcrumb","itemListElement":[{"@type":"ListItem","position":1,"name":"Home","item":"https:\/\/soundplify.com\/"},{"@type":"ListItem","position":2,"name":"Music in Words"}]},{"@type":"WebSite","@id":"https:\/\/soundplify.com\/#website","url":"https:\/\/soundplify.com\/","name":"Soundplify","description":"Music For Brands + Entertainment","publisher":{"@id":"https:\/\/soundplify.com\/#organization"},"potentialAction":[{"@type":"SearchAction","target":{"@type":"EntryPoint","urlTemplate":"https:\/\/soundplify.com\/?s={search_term_string}"},"query-input":{"@type":"PropertyValueSpecification","valueRequired":true,"valueName":"search_term_string"}}],"inLanguage":"fr-FR"},{"@type":"Organization","@id":"https:\/\/soundplify.com\/#organization","name":"Soundplify","url":"https:\/\/soundplify.com\/","logo":{"@type":"ImageObject","inLanguage":"fr-FR","@id":"https:\/\/soundplify.com\/#\/schema\/logo\/image\/","url":"https:\/\/soundplify.com\/wp-content\/uploads\/2023\/08\/Logo-Pitch-000000.png","contentUrl":"https:\/\/soundplify.com\/wp-content\/uploads\/2023\/08\/Logo-Pitch-000000.png","width":5610,"height":1466,"caption":"Soundplify"},"image":{"@id":"https:\/\/soundplify.com\/#\/schema\/logo\/image\/"},"sameAs":["https:\/\/www.facebook.com\/soundplify","https:\/\/x.com\/soundplify"]}]}},"_links":{"self":[{"href":"https:\/\/soundplify.com\/fr\/wp-json\/wp\/v2\/pages\/450","targetHints":{"allow":["GET"]}}],"collection":[{"href":"https:\/\/soundplify.com\/fr\/wp-json\/wp\/v2\/pages"}],"about":[{"href":"https:\/\/soundplify.com\/fr\/wp-json\/wp\/v2\/types\/page"}],"author":[{"embeddable":true,"href":"https:\/\/soundplify.com\/fr\/wp-json\/wp\/v2\/users\/1"}],"replies":[{"embeddable":true,"href":"https:\/\/soundplify.com\/fr\/wp-json\/wp\/v2\/comments?post=450"}],"version-history":[{"count":25,"href":"https:\/\/soundplify.com\/fr\/wp-json\/wp\/v2\/pages\/450\/revisions"}],"predecessor-version":[{"id":1137,"href":"https:\/\/soundplify.com\/fr\/wp-json\/wp\/v2\/pages\/450\/revisions\/1137"}],"wp:attachment":[{"href":"https:\/\/soundplify.com\/fr\/wp-json\/wp\/v2\/media?parent=450"}],"curies":[{"name":"wp","href":"https:\/\/api.w.org\/{rel}","templated":true}]}}