{"id":26,"date":"2023-09-07T11:25:00","date_gmt":"2023-09-07T11:25:00","guid":{"rendered":"https:\/\/soundplify.com\/?page_id=26"},"modified":"2023-09-20T16:03:53","modified_gmt":"2023-09-20T16:03:53","slug":"info","status":"publish","type":"page","link":"https:\/\/soundplify.com\/fr\/info\/","title":{"rendered":"Info"},"content":{"rendered":"<div data-elementor-type=\"wp-page\" data-elementor-id=\"26\" class=\"elementor elementor-26\" data-elementor-post-type=\"page\">\n\t\t\t\t<div class=\"elementor-element elementor-element-3bd10e6 e-flex e-con-boxed e-con e-parent\" data-id=\"3bd10e6\" data-element_type=\"container\" data-e-type=\"container\">\n\t\t\t\t\t<div class=\"e-con-inner\">\n\t\t\t\t<div class=\"elementor-element elementor-element-3b42ffa elementor-widget elementor-widget-heading\" data-id=\"3b42ffa\" data-element_type=\"widget\" data-e-type=\"widget\" data-widget_type=\"heading.default\">\n\t\t\t\t<div class=\"elementor-widget-container\">\n\t\t\t\t\t<h2 class=\"elementor-heading-title elementor-size-default\">Vous avez des compositeurs, des labels, des \u00e9diteurs et des fans hardcore de cin\u00e9ma pr\u00eats \u00e0 <span style=\"font-style: italic\">\u00e9lever votre histoire \u00e0 travers la musique<\/span>.<\/h2>\t\t\t\t<\/div>\n\t\t\t\t<\/div>\n\t\t\t\t\t<\/div>\n\t\t\t\t<\/div>\n\t\t<div class=\"elementor-element elementor-element-6bd96da e-flex e-con-boxed e-con e-parent\" data-id=\"6bd96da\" data-element_type=\"container\" data-e-type=\"container\">\n\t\t\t\t\t<div class=\"e-con-inner\">\n\t\t<div class=\"elementor-element elementor-element-2d78efe e-con-full e-flex e-con e-child\" data-id=\"2d78efe\" data-element_type=\"container\" data-e-type=\"container\">\n\t\t\t\t<div class=\"elementor-element elementor-element-f6f344a elementor-widget elementor-widget-heading\" data-id=\"f6f344a\" data-element_type=\"widget\" data-e-type=\"widget\" data-widget_type=\"heading.default\">\n\t\t\t\t<div class=\"elementor-widget-container\">\n\t\t\t\t\t<h4 class=\"elementor-heading-title elementor-size-default\">Synchro<\/h4>\t\t\t\t<\/div>\n\t\t\t\t<\/div>\n\t\t\t\t<div class=\"elementor-element elementor-element-6eee016 elementor-align-start elementor-mobile-align-center elementor-icon-list--layout-traditional elementor-list-item-link-full_width elementor-widget elementor-widget-icon-list\" data-id=\"6eee016\" data-element_type=\"widget\" data-e-type=\"widget\" data-widget_type=\"icon-list.default\">\n\t\t\t\t<div class=\"elementor-widget-container\">\n\t\t\t\t\t\t\t<ul class=\"elementor-icon-list-items\">\n\t\t\t\t\t\t\t<li class=\"elementor-icon-list-item\">\n\t\t\t\t\t\t\t\t\t\t<span class=\"elementor-icon-list-text\">Conseil + recherche de titres<\/span>\n\t\t\t\t\t\t\t\t\t<\/li>\n\t\t\t\t\t\t\t\t<li class=\"elementor-icon-list-item\">\n\t\t\t\t\t\t\t\t\t\t<span class=\"elementor-icon-list-text\">Reprises + remixes<\/span>\n\t\t\t\t\t\t\t\t\t<\/li>\n\t\t\t\t\t\t\t\t<li class=\"elementor-icon-list-item\">\n\t\t\t\t\t\t\t\t\t\t<span class=\"elementor-icon-list-text\">N\u00e9gociation de licences<\/span>\n\t\t\t\t\t\t\t\t\t<\/li>\n\t\t\t\t\t\t<\/ul>\n\t\t\t\t\t\t<\/div>\n\t\t\t\t<\/div>\n\t\t\t\t<\/div>\n\t\t<div class=\"elementor-element elementor-element-d989726 e-con-full e-flex e-con e-child\" data-id=\"d989726\" data-element_type=\"container\" data-e-type=\"container\">\n\t\t\t\t<div class=\"elementor-element elementor-element-bf2d790 elementor-widget elementor-widget-heading\" data-id=\"bf2d790\" data-element_type=\"widget\" data-e-type=\"widget\" data-widget_type=\"heading.default\">\n\t\t\t\t<div class=\"elementor-widget-container\">\n\t\t\t\t\t<h4 class=\"elementor-heading-title elementor-size-default\">Composition Originale<\/h4>\t\t\t\t<\/div>\n\t\t\t\t<\/div>\n\t\t\t\t<div class=\"elementor-element elementor-element-2ff3689 elementor-align-start elementor-mobile-align-center elementor-icon-list--layout-traditional elementor-list-item-link-full_width elementor-widget elementor-widget-icon-list\" data-id=\"2ff3689\" data-element_type=\"widget\" data-e-type=\"widget\" data-widget_type=\"icon-list.default\">\n\t\t\t\t<div class=\"elementor-widget-container\">\n\t\t\t\t\t\t\t<ul class=\"elementor-icon-list-items\">\n\t\t\t\t\t\t\t<li class=\"elementor-icon-list-item\">\n\t\t\t\t\t\t\t\t\t\t<span class=\"elementor-icon-list-text\">Casting de talents<\/span>\n\t\t\t\t\t\t\t\t\t<\/li>\n\t\t\t\t\t\t\t\t<li class=\"elementor-icon-list-item\">\n\t\t\t\t\t\t\t\t\t\t<span class=\"elementor-icon-list-text\">Production ex\u00e9cutive<\/span>\n\t\t\t\t\t\t\t\t\t<\/li>\n\t\t\t\t\t\t\t\t<li class=\"elementor-icon-list-item\">\n\t\t\t\t\t\t\t\t\t\t<span class=\"elementor-icon-list-text\">Gestion de contrats<\/span>\n\t\t\t\t\t\t\t\t\t<\/li>\n\t\t\t\t\t\t<\/ul>\n\t\t\t\t\t\t<\/div>\n\t\t\t\t<\/div>\n\t\t\t\t<\/div>\n\t\t<div class=\"elementor-element elementor-element-b941079 e-con-full e-flex e-con e-child\" data-id=\"b941079\" data-element_type=\"container\" data-e-type=\"container\">\n\t\t\t\t<div class=\"elementor-element elementor-element-c1869a4 elementor-widget elementor-widget-heading\" data-id=\"c1869a4\" data-element_type=\"widget\" data-e-type=\"widget\" data-widget_type=\"heading.default\">\n\t\t\t\t<div class=\"elementor-widget-container\">\n\t\t\t\t\t<h4 class=\"elementor-heading-title elementor-size-default\">Post Production<\/h4>\t\t\t\t<\/div>\n\t\t\t\t<\/div>\n\t\t\t\t<div class=\"elementor-element elementor-element-2f5ce8a elementor-align-start elementor-mobile-align-center elementor-icon-list--layout-traditional elementor-list-item-link-full_width elementor-widget elementor-widget-icon-list\" data-id=\"2f5ce8a\" data-element_type=\"widget\" data-e-type=\"widget\" data-widget_type=\"icon-list.default\">\n\t\t\t\t<div class=\"elementor-widget-container\">\n\t\t\t\t\t\t\t<ul class=\"elementor-icon-list-items\">\n\t\t\t\t\t\t\t<li class=\"elementor-icon-list-item\">\n\t\t\t\t\t\t\t\t\t\t<span class=\"elementor-icon-list-text\">Sound design<\/span>\n\t\t\t\t\t\t\t\t\t<\/li>\n\t\t\t\t\t\t\t\t<li class=\"elementor-icon-list-item\">\n\t\t\t\t\t\t\t\t\t\t<span class=\"elementor-icon-list-text\">Voix-off<\/span>\n\t\t\t\t\t\t\t\t\t<\/li>\n\t\t\t\t\t\t\t\t<li class=\"elementor-icon-list-item\">\n\t\t\t\t\t\t\t\t\t\t<span class=\"elementor-icon-list-text\">Montage + mixage<\/span>\n\t\t\t\t\t\t\t\t\t<\/li>\n\t\t\t\t\t\t<\/ul>\n\t\t\t\t\t\t<\/div>\n\t\t\t\t<\/div>\n\t\t\t\t<\/div>\n\t\t\t\t\t<\/div>\n\t\t\t\t<\/div>\n\t\t<div class=\"elementor-element elementor-element-e8dba73 e-flex e-con-boxed e-con e-parent\" data-id=\"e8dba73\" data-element_type=\"container\" data-e-type=\"container\">\n\t\t\t\t\t<div class=\"e-con-inner\">\n\t\t\t\t<div class=\"elementor-element elementor-element-fea96c3 elementor-widget elementor-widget-text-editor\" data-id=\"fea96c3\" data-element_type=\"widget\" data-e-type=\"widget\" data-widget_type=\"text-editor.default\">\n\t\t\t\t<div class=\"elementor-widget-container\">\n\t\t\t\t\t\t\t\t\tPour de la repr\u00e9sentation synchro, envoyez-nous votre musique <span style=\"text-decoration: underline; color: #5656ae;\"><a style=\"color: #5656ae; text-decoration: underline;\" href=\"https:\/\/s.disco.ac\/ipacyaelgtlu\" target=\"_blank\" rel=\"noopener\">ici<\/a><\/span>.\t\t\t\t\t\t\t\t<\/div>\n\t\t\t\t<\/div>\n\t\t\t\t\t<\/div>\n\t\t\t\t<\/div>\n\t\t\t\t<\/div>","protected":false},"excerpt":{"rendered":"<p>You have composers, labels, publishers and die-hard movies fans ready to elevate your story through music. Sync Consulting + music search Covers + remixes Licensing negotiation Original Composition Casting talents Executive production Contract management Post Production Sound design Voiceover Editing + mixing For sync representation, submit your music here.<\/p>","protected":false},"author":1,"featured_media":0,"parent":0,"menu_order":0,"comment_status":"closed","ping_status":"closed","template":"elementor_header_footer","meta":{"_mo_disable_npp":"","footnotes":""},"class_list":["post-26","page","type-page","status-publish","hentry"],"yoast_head":"<!-- This site is optimized with the Yoast SEO plugin v27.3 - https:\/\/yoast.com\/product\/yoast-seo-wordpress\/ -->\n<title>Info | Soundplify<\/title>\n<meta name=\"robots\" content=\"index, follow, max-snippet:-1, max-image-preview:large, max-video-preview:-1\" \/>\n<link rel=\"canonical\" href=\"https:\/\/soundplify.com\/fr\/info\/\" \/>\n<meta property=\"og:locale\" content=\"fr_FR\" \/>\n<meta property=\"og:type\" content=\"article\" \/>\n<meta property=\"og:title\" content=\"Info | Soundplify\" \/>\n<meta property=\"og:description\" content=\"You have composers, labels, publishers and die-hard movies fans ready to elevate your story through music. Sync Consulting + music search Covers + remixes Licensing negotiation Original Composition Casting talents Executive production Contract management Post Production Sound design Voiceover Editing + mixing For sync representation, submit your music here.\" \/>\n<meta property=\"og:url\" content=\"https:\/\/soundplify.com\/fr\/info\/\" \/>\n<meta property=\"og:site_name\" content=\"Soundplify\" \/>\n<meta property=\"article:publisher\" content=\"https:\/\/www.facebook.com\/soundplify\" \/>\n<meta property=\"article:modified_time\" content=\"2023-09-20T16:03:53+00:00\" \/>\n<meta name=\"twitter:card\" content=\"summary_large_image\" \/>\n<meta name=\"twitter:site\" content=\"@soundplify\" \/>\n<meta name=\"twitter:label1\" content=\"Dur\u00e9e de lecture estim\u00e9e\" \/>\n\t<meta name=\"twitter:data1\" content=\"1 minute\" \/>\n<script type=\"application\/ld+json\" class=\"yoast-schema-graph\">{\"@context\":\"https:\\\/\\\/schema.org\",\"@graph\":[{\"@type\":\"WebPage\",\"@id\":\"https:\\\/\\\/soundplify.com\\\/info\\\/\",\"url\":\"https:\\\/\\\/soundplify.com\\\/info\\\/\",\"name\":\"Info | Soundplify\",\"isPartOf\":{\"@id\":\"https:\\\/\\\/soundplify.com\\\/#website\"},\"datePublished\":\"2023-09-07T11:25:00+00:00\",\"dateModified\":\"2023-09-20T16:03:53+00:00\",\"breadcrumb\":{\"@id\":\"https:\\\/\\\/soundplify.com\\\/info\\\/#breadcrumb\"},\"inLanguage\":\"fr-FR\",\"potentialAction\":[{\"@type\":\"ReadAction\",\"target\":[\"https:\\\/\\\/soundplify.com\\\/info\\\/\"]}]},{\"@type\":\"BreadcrumbList\",\"@id\":\"https:\\\/\\\/soundplify.com\\\/info\\\/#breadcrumb\",\"itemListElement\":[{\"@type\":\"ListItem\",\"position\":1,\"name\":\"Home\",\"item\":\"https:\\\/\\\/soundplify.com\\\/\"},{\"@type\":\"ListItem\",\"position\":2,\"name\":\"Info\"}]},{\"@type\":\"WebSite\",\"@id\":\"https:\\\/\\\/soundplify.com\\\/#website\",\"url\":\"https:\\\/\\\/soundplify.com\\\/\",\"name\":\"Soundplify\",\"description\":\"Music For Brands + Entertainment\",\"publisher\":{\"@id\":\"https:\\\/\\\/soundplify.com\\\/#organization\"},\"potentialAction\":[{\"@type\":\"SearchAction\",\"target\":{\"@type\":\"EntryPoint\",\"urlTemplate\":\"https:\\\/\\\/soundplify.com\\\/?s={search_term_string}\"},\"query-input\":{\"@type\":\"PropertyValueSpecification\",\"valueRequired\":true,\"valueName\":\"search_term_string\"}}],\"inLanguage\":\"fr-FR\"},{\"@type\":\"Organization\",\"@id\":\"https:\\\/\\\/soundplify.com\\\/#organization\",\"name\":\"Soundplify\",\"url\":\"https:\\\/\\\/soundplify.com\\\/\",\"logo\":{\"@type\":\"ImageObject\",\"inLanguage\":\"fr-FR\",\"@id\":\"https:\\\/\\\/soundplify.com\\\/#\\\/schema\\\/logo\\\/image\\\/\",\"url\":\"https:\\\/\\\/soundplify.com\\\/wp-content\\\/uploads\\\/2023\\\/08\\\/Logo-Pitch-000000.png\",\"contentUrl\":\"https:\\\/\\\/soundplify.com\\\/wp-content\\\/uploads\\\/2023\\\/08\\\/Logo-Pitch-000000.png\",\"width\":5610,\"height\":1466,\"caption\":\"Soundplify\"},\"image\":{\"@id\":\"https:\\\/\\\/soundplify.com\\\/#\\\/schema\\\/logo\\\/image\\\/\"},\"sameAs\":[\"https:\\\/\\\/www.facebook.com\\\/soundplify\",\"https:\\\/\\\/x.com\\\/soundplify\"]}]}<\/script>\n<!-- \/ Yoast SEO plugin. -->","yoast_head_json":{"title":"Info | Soundplify","robots":{"index":"index","follow":"follow","max-snippet":"max-snippet:-1","max-image-preview":"max-image-preview:large","max-video-preview":"max-video-preview:-1"},"canonical":"https:\/\/soundplify.com\/fr\/info\/","og_locale":"fr_FR","og_type":"article","og_title":"Info | Soundplify","og_description":"You have composers, labels, publishers and die-hard movies fans ready to elevate your story through music. Sync Consulting + music search Covers + remixes Licensing negotiation Original Composition Casting talents Executive production Contract management Post Production Sound design Voiceover Editing + mixing For sync representation, submit your music here.","og_url":"https:\/\/soundplify.com\/fr\/info\/","og_site_name":"Soundplify","article_publisher":"https:\/\/www.facebook.com\/soundplify","article_modified_time":"2023-09-20T16:03:53+00:00","twitter_card":"summary_large_image","twitter_site":"@soundplify","twitter_misc":{"Dur\u00e9e de lecture estim\u00e9e":"1 minute"},"schema":{"@context":"https:\/\/schema.org","@graph":[{"@type":"WebPage","@id":"https:\/\/soundplify.com\/info\/","url":"https:\/\/soundplify.com\/info\/","name":"Info | Soundplify","isPartOf":{"@id":"https:\/\/soundplify.com\/#website"},"datePublished":"2023-09-07T11:25:00+00:00","dateModified":"2023-09-20T16:03:53+00:00","breadcrumb":{"@id":"https:\/\/soundplify.com\/info\/#breadcrumb"},"inLanguage":"fr-FR","potentialAction":[{"@type":"ReadAction","target":["https:\/\/soundplify.com\/info\/"]}]},{"@type":"BreadcrumbList","@id":"https:\/\/soundplify.com\/info\/#breadcrumb","itemListElement":[{"@type":"ListItem","position":1,"name":"Home","item":"https:\/\/soundplify.com\/"},{"@type":"ListItem","position":2,"name":"Info"}]},{"@type":"WebSite","@id":"https:\/\/soundplify.com\/#website","url":"https:\/\/soundplify.com\/","name":"Soundplify","description":"Music For Brands + Entertainment","publisher":{"@id":"https:\/\/soundplify.com\/#organization"},"potentialAction":[{"@type":"SearchAction","target":{"@type":"EntryPoint","urlTemplate":"https:\/\/soundplify.com\/?s={search_term_string}"},"query-input":{"@type":"PropertyValueSpecification","valueRequired":true,"valueName":"search_term_string"}}],"inLanguage":"fr-FR"},{"@type":"Organization","@id":"https:\/\/soundplify.com\/#organization","name":"Soundplify","url":"https:\/\/soundplify.com\/","logo":{"@type":"ImageObject","inLanguage":"fr-FR","@id":"https:\/\/soundplify.com\/#\/schema\/logo\/image\/","url":"https:\/\/soundplify.com\/wp-content\/uploads\/2023\/08\/Logo-Pitch-000000.png","contentUrl":"https:\/\/soundplify.com\/wp-content\/uploads\/2023\/08\/Logo-Pitch-000000.png","width":5610,"height":1466,"caption":"Soundplify"},"image":{"@id":"https:\/\/soundplify.com\/#\/schema\/logo\/image\/"},"sameAs":["https:\/\/www.facebook.com\/soundplify","https:\/\/x.com\/soundplify"]}]}},"_links":{"self":[{"href":"https:\/\/soundplify.com\/fr\/wp-json\/wp\/v2\/pages\/26","targetHints":{"allow":["GET"]}}],"collection":[{"href":"https:\/\/soundplify.com\/fr\/wp-json\/wp\/v2\/pages"}],"about":[{"href":"https:\/\/soundplify.com\/fr\/wp-json\/wp\/v2\/types\/page"}],"author":[{"embeddable":true,"href":"https:\/\/soundplify.com\/fr\/wp-json\/wp\/v2\/users\/1"}],"replies":[{"embeddable":true,"href":"https:\/\/soundplify.com\/fr\/wp-json\/wp\/v2\/comments?post=26"}],"version-history":[{"count":25,"href":"https:\/\/soundplify.com\/fr\/wp-json\/wp\/v2\/pages\/26\/revisions"}],"predecessor-version":[{"id":784,"href":"https:\/\/soundplify.com\/fr\/wp-json\/wp\/v2\/pages\/26\/revisions\/784"}],"wp:attachment":[{"href":"https:\/\/soundplify.com\/fr\/wp-json\/wp\/v2\/media?parent=26"}],"curies":[{"name":"wp","href":"https:\/\/api.w.org\/{rel}","templated":true}]}}